{"id":1831,"date":"2025-01-06T10:24:29","date_gmt":"2025-01-06T09:24:29","guid":{"rendered":"https:\/\/denova.dk\/?page_id=1831"},"modified":"2026-01-12T12:21:54","modified_gmt":"2026-01-12T11:21:54","slug":"priser","status":"publish","type":"page","link":"https:\/\/denova.dk\/da\/priser\/","title":{"rendered":"Priser"},"content":{"rendered":"\t\t<div data-elementor-type=\"wp-page\" data-elementor-id=\"1831\" class=\"elementor elementor-1831\">\n\t\t\t\t\t\t<section class=\"elementor-section elementor-top-section elementor-element elementor-element-8c9c3dd elementor-section-full_width elementor-section-height-min-height elementor-section-height-default elementor-section-items-middle wpr-particle-no wpr-jarallax-no wpr-parallax-no wpr-sticky-section-no\" data-id=\"8c9c3dd\" data-element_type=\"section\" data-e-type=\"section\" data-settings=\"{&quot;background_background&quot;:&quot;classic&quot;}\">\n\t\t\t\t\t\t<div class=\"elementor-container elementor-column-gap-default\">\n\t\t\t\t\t<div class=\"elementor-column elementor-col-100 elementor-top-column elementor-element elementor-element-8fa8b76\" data-id=\"8fa8b76\" data-element_type=\"column\" data-e-type=\"column\">\n\t\t\t<div class=\"elementor-widget-wrap elementor-element-populated\">\n\t\t\t\t\t\t<div class=\"elementor-element elementor-element-ad67eb6 elementor-widget elementor-widget-heading\" data-id=\"ad67eb6\" data-element_type=\"widget\" data-e-type=\"widget\" data-widget_type=\"heading.default\">\n\t\t\t\t<div class=\"elementor-widget-container\">\n\t\t\t\t\t<h1 class=\"elementor-heading-title elementor-size-default\">Priser<\/h1>\t\t\t\t<\/div>\n\t\t\t\t<\/div>\n\t\t\t\t\t<\/div>\n\t\t<\/div>\n\t\t\t\t\t<\/div>\n\t\t<\/section>\n\t\t\t\t<section class=\"elementor-section elementor-top-section elementor-element elementor-element-2a7b0ae70 elementor-section-boxed elementor-section-height-default elementor-section-height-default wpr-particle-no wpr-jarallax-no wpr-parallax-no wpr-sticky-section-no\" data-id=\"2a7b0ae70\" data-element_type=\"section\" data-e-type=\"section\">\n\t\t\t\t\t\t<div class=\"elementor-container elementor-column-gap-wide\">\n\t\t\t\t\t<div class=\"elementor-column elementor-col-100 elementor-top-column elementor-element elementor-element-8698a8b\" data-id=\"8698a8b\" data-element_type=\"column\" data-e-type=\"column\">\n\t\t\t<div class=\"elementor-widget-wrap elementor-element-populated\">\n\t\t\t\t\t\t<div class=\"elementor-element elementor-element-428cb69 elementor-widget elementor-widget-spacer\" data-id=\"428cb69\" data-element_type=\"widget\" data-e-type=\"widget\" data-widget_type=\"spacer.default\">\n\t\t\t\t<div class=\"elementor-widget-container\">\n\t\t\t\t\t\t\t<div class=\"elementor-spacer\">\n\t\t\t<div class=\"elementor-spacer-inner\"><\/div>\n\t\t<\/div>\n\t\t\t\t\t\t<\/div>\n\t\t\t\t<\/div>\n\t\t\t\t<div class=\"elementor-element elementor-element-0a0d8f5 elementor-widget elementor-widget-text-editor\" data-id=\"0a0d8f5\" data-element_type=\"widget\" data-e-type=\"widget\" data-widget_type=\"text-editor.default\">\n\t\t\t\t<div class=\"elementor-widget-container\">\n\t\t\t\t\t\t\t\t\t<p><strong>Velkommen til prissiden for DeNova!<\/strong><\/p><p>Lige i \u00f8jeblikket h\u00e5ndterer selskabet DeNova kun haveaffald, r\u00f8dder og st\u00f8d fra private og mindre virksomheder &#8211; medmindre du har en anden aftale med os.<\/p><p>Hvis du har brug for information om priser p\u00e5 andre affaldskategorier, som skal leveres og behandles p\u00e5 Havnevej 25 i Frederiksv\u00e6rk, kan du finde alle relevante oplysninger p\u00e5 Denova Ressourcecenters hjemmeside ved at f\u00f8lge dette link: <a href=\"https:\/\/www.denovarc.dk\/priser\" target=\"_blank\" rel=\"noopener\">Priser<\/a>.<\/p><p>Hvis du derimod som privatperson vil s\u00e6lge metaller, skal du henvende dig til virksomheden <a href=\"https:\/\/ns-jernhandel.dk\/\" target=\"_blank\" rel=\"noopener\">NS Jernhandel<\/a>.<\/p><p>Vi ser frem til at hj\u00e6lpe dig.<\/p>\t\t\t\t\t\t\t\t<\/div>\n\t\t\t\t<\/div>\n\t\t\t\t\t<\/div>\n\t\t<\/div>\n\t\t\t\t\t<\/div>\n\t\t<\/section>\n\t\t\t\t<section class=\"elementor-section elementor-top-section elementor-element elementor-element-9c9fb79 elementor-section-boxed elementor-section-height-default elementor-section-height-default wpr-particle-no wpr-jarallax-no wpr-parallax-no wpr-sticky-section-no\" data-id=\"9c9fb79\" data-element_type=\"section\" data-e-type=\"section\">\n\t\t\t\t\t\t<div class=\"elementor-container elementor-column-gap-default\">\n\t\t\t\t\t<div class=\"elementor-column elementor-col-100 elementor-top-column elementor-element elementor-element-c67e048\" data-id=\"c67e048\" data-element_type=\"column\" data-e-type=\"column\">\n\t\t\t<div class=\"elementor-widget-wrap elementor-element-populated\">\n\t\t\t\t\t\t<div class=\"elementor-element elementor-element-d7221c3 elementor-widget elementor-widget-text-editor\" data-id=\"d7221c3\" data-element_type=\"widget\" data-e-type=\"widget\" data-widget_type=\"text-editor.default\">\n\t\t\t\t<div class=\"elementor-widget-container\">\n\t\t\t\t\t\t\t\t\t<p>Haveaffald, r\u00f8dder og st\u00f8d \u2002\u2002\u2002\u00a0 \u00a0 \u00a0\u2002\u2002\u2002\u2002\u2002\u2002450 kr. pr. ton<\/p>\t\t\t\t\t\t\t\t<\/div>\n\t\t\t\t<\/div>\n\t\t\t\t\t<\/div>\n\t\t<\/div>\n\t\t\t\t\t<\/div>\n\t\t<\/section>\n\t\t\t\t<section class=\"elementor-section elementor-top-section elementor-element elementor-element-a50645d elementor-section-boxed elementor-section-height-default elementor-section-height-default wpr-particle-no wpr-jarallax-no wpr-parallax-no wpr-sticky-section-no\" data-id=\"a50645d\" data-element_type=\"section\" data-e-type=\"section\">\n\t\t\t\t\t\t<div class=\"elementor-container elementor-column-gap-default\">\n\t\t\t\t\t<div class=\"elementor-column elementor-col-100 elementor-top-column elementor-element elementor-element-d429be9\" data-id=\"d429be9\" data-element_type=\"column\" data-e-type=\"column\">\n\t\t\t<div class=\"elementor-widget-wrap elementor-element-populated\">\n\t\t\t\t\t\t<div class=\"elementor-element elementor-element-53afe69 elementor-widget elementor-widget-spacer\" data-id=\"53afe69\" data-element_type=\"widget\" data-e-type=\"widget\" data-widget_type=\"spacer.default\">\n\t\t\t\t<div class=\"elementor-widget-container\">\n\t\t\t\t\t\t\t<div class=\"elementor-spacer\">\n\t\t\t<div class=\"elementor-spacer-inner\"><\/div>\n\t\t<\/div>\n\t\t\t\t\t\t<\/div>\n\t\t\t\t<\/div>\n\t\t\t\t\t<\/div>\n\t\t<\/div>\n\t\t\t\t\t<\/div>\n\t\t<\/section>\n\t\t\t\t<\/div>\n\t\t","protected":false},"excerpt":{"rendered":"<p>Priser Velkommen til prissiden for DeNova! Lige i \u00f8jeblikket h\u00e5ndterer selskabet DeNova kun haveaffald, r\u00f8dder og st\u00f8d fra private og mindre virksomheder &#8211; medmindre du har en anden aftale med os. Hvis du har brug for information om priser p\u00e5 andre affaldskategorier, som skal leveres og behandles p\u00e5 Havnevej 25 i Frederiksv\u00e6rk, kan du finde alle relevante oplysninger p\u00e5 Denova Ressourcecenters hjemmeside ved at f\u00f8lge dette link: Priser. Hvis du derimod som privatperson vil s\u00e6lge metaller, skal du henvende dig til virksomheden NS Jernhandel. Vi ser frem til at hj\u00e6lpe dig. Haveaffald, r\u00f8dder og st\u00f8d \u2002\u2002\u2002\u00a0 \u00a0 \u00a0\u2002\u2002\u2002\u2002\u2002\u2002450 kr. pr. ton<\/p>\n","protected":false},"author":1,"featured_media":0,"parent":0,"menu_order":0,"comment_status":"closed","ping_status":"closed","template":"elementor_header_footer","meta":{"footnotes":""},"class_list":["post-1831","page","type-page","status-publish","hentry"],"_links":{"self":[{"href":"https:\/\/denova.dk\/da\/wp-json\/wp\/v2\/pages\/1831","targetHints":{"allow":["GET"]}}],"collection":[{"href":"https:\/\/denova.dk\/da\/wp-json\/wp\/v2\/pages"}],"about":[{"href":"https:\/\/denova.dk\/da\/wp-json\/wp\/v2\/types\/page"}],"author":[{"embeddable":true,"href":"https:\/\/denova.dk\/da\/wp-json\/wp\/v2\/users\/1"}],"replies":[{"embeddable":true,"href":"https:\/\/denova.dk\/da\/wp-json\/wp\/v2\/comments?post=1831"}],"version-history":[{"count":33,"href":"https:\/\/denova.dk\/da\/wp-json\/wp\/v2\/pages\/1831\/revisions"}],"predecessor-version":[{"id":1959,"href":"https:\/\/denova.dk\/da\/wp-json\/wp\/v2\/pages\/1831\/revisions\/1959"}],"wp:attachment":[{"href":"https:\/\/denova.dk\/da\/wp-json\/wp\/v2\/media?parent=1831"}],"curies":[{"name":"wp","href":"https:\/\/api.w.org\/{rel}","templated":true}]}}