{"id":210,"date":"2022-07-19T10:32:08","date_gmt":"2022-07-19T08:32:08","guid":{"rendered":"https:\/\/denova.dk\/?page_id=210"},"modified":"2022-09-02T11:22:41","modified_gmt":"2022-09-02T09:22:41","slug":"cookie-og-privatlivspolitik","status":"publish","type":"page","link":"https:\/\/denova.dk\/da\/cookie-og-privatlivspolitik\/","title":{"rendered":"Cookie og privatlivspolitik"},"content":{"rendered":"\t\t<div data-elementor-type=\"wp-page\" data-elementor-id=\"210\" class=\"elementor elementor-210\">\n\t\t\t\t\t\t<section class=\"elementor-section elementor-top-section elementor-element elementor-element-b226e83 elementor-section-height-min-height elementor-section-boxed elementor-section-height-default elementor-section-items-middle wpr-particle-no wpr-jarallax-no wpr-parallax-no wpr-sticky-section-no wpr-equal-height-no\" data-id=\"b226e83\" data-element_type=\"section\" data-e-type=\"section\" data-settings=\"{&quot;background_background&quot;:&quot;classic&quot;}\">\n\t\t\t\t\t\t<div class=\"elementor-container elementor-column-gap-default\">\n\t\t\t\t\t<div class=\"elementor-column elementor-col-100 elementor-top-column elementor-element elementor-element-61038e2\" data-id=\"61038e2\" data-element_type=\"column\" data-e-type=\"column\">\n\t\t\t<div class=\"elementor-widget-wrap elementor-element-populated\">\n\t\t\t\t\t\t<div class=\"elementor-element elementor-element-2894956 elementor-widget elementor-widget-heading\" data-id=\"2894956\" data-element_type=\"widget\" data-e-type=\"widget\" data-widget_type=\"heading.default\">\n\t\t\t\t<div class=\"elementor-widget-container\">\n\t\t\t\t\t<h1 class=\"elementor-heading-title elementor-size-default\">Cookie- og privatlivspolitik<\/h1>\t\t\t\t<\/div>\n\t\t\t\t<\/div>\n\t\t\t\t\t<\/div>\n\t\t<\/div>\n\t\t\t\t\t<\/div>\n\t\t<\/section>\n\t\t\t\t<section class=\"elementor-section elementor-top-section elementor-element elementor-element-c7e2223 elementor-section-boxed elementor-section-height-default elementor-section-height-default wpr-particle-no wpr-jarallax-no wpr-parallax-no wpr-sticky-section-no wpr-equal-height-no\" data-id=\"c7e2223\" data-element_type=\"section\" data-e-type=\"section\">\n\t\t\t\t\t\t<div class=\"elementor-container elementor-column-gap-default\">\n\t\t\t\t\t<div class=\"elementor-column elementor-col-100 elementor-top-column elementor-element elementor-element-9767c86\" data-id=\"9767c86\" data-element_type=\"column\" data-e-type=\"column\">\n\t\t\t<div class=\"elementor-widget-wrap elementor-element-populated\">\n\t\t\t\t\t\t<div class=\"elementor-element elementor-element-3e4ab04 elementor-widget elementor-widget-spacer\" data-id=\"3e4ab04\" data-element_type=\"widget\" data-e-type=\"widget\" data-widget_type=\"spacer.default\">\n\t\t\t\t<div class=\"elementor-widget-container\">\n\t\t\t\t\t\t\t<div class=\"elementor-spacer\">\n\t\t\t<div class=\"elementor-spacer-inner\"><\/div>\n\t\t<\/div>\n\t\t\t\t\t\t<\/div>\n\t\t\t\t<\/div>\n\t\t\t\t\t<\/div>\n\t\t<\/div>\n\t\t\t\t\t<\/div>\n\t\t<\/section>\n\t\t\t\t<section class=\"elementor-section elementor-top-section elementor-element elementor-element-c21125a elementor-section-boxed elementor-section-height-default elementor-section-height-default wpr-particle-no wpr-jarallax-no wpr-parallax-no wpr-sticky-section-no wpr-equal-height-no\" data-id=\"c21125a\" data-element_type=\"section\" data-e-type=\"section\">\n\t\t\t\t\t\t<div class=\"elementor-container elementor-column-gap-default\">\n\t\t\t\t\t<div class=\"elementor-column elementor-col-100 elementor-top-column elementor-element elementor-element-c7f1ee2\" data-id=\"c7f1ee2\" data-element_type=\"column\" data-e-type=\"column\">\n\t\t\t<div class=\"elementor-widget-wrap elementor-element-populated\">\n\t\t\t\t\t\t<div class=\"elementor-element elementor-element-17dd99d elementor-widget elementor-widget-text-editor\" data-id=\"17dd99d\" data-element_type=\"widget\" data-e-type=\"widget\" data-widget_type=\"text-editor.default\">\n\t\t\t\t<div class=\"elementor-widget-container\">\n\t\t\t\t\t\t\t\t\t<p><b>Introduktion<br><\/b><span style=\"color: var( --e-global-color-text ); font-size: 1rem;\">N\u00e5r du bes\u00f8ger denova.dk indsamles der oplysninger om dig, som bruges til at tilpasse og forbedre vores indhold. Hvis du ikke \u00f8nsker, at der indsamles oplysninger, b\u00f8r du slette dine cookies (se vejledning) og undlade videre brug af denova.dk. Nedenfor har vi uddybet, hvilke informationer der indsamles, deres form\u00e5l og hvilke tredjeparter, der har adgang til dem.<\/span><\/p>\n<p><\/p>\n<p>C<b>ookies<\/b><br><span style=\"color: var( --e-global-color-text ); font-size: 1rem;\">denova.dk anvender \u201dcookies\u201d, der er en tekstfil, som gemmes p\u00e5 din computer, mobil el. tilsvarende med det form\u00e5l at genkende den, huske indstillinger og udf\u00f8re statistik. Cookies kan ikke indeholde skadelig kode som f.eks. virus.<\/span><\/p>\n<p><\/p>\n<p>Det er muligt at slette eller blokere for cookies. Se vejledning: http:\/\/minecookies.org\/cookiehandtering<\/p>\n<p><\/p>\n<p>Hvis du sletter eller blokerer cookies kan det v\u00e6re at siden ikke fungerer optimalt samt at der er indhold, du ikke kan f\u00e5 adgang til.<\/p>\n<p><\/p>\n<p>Websitet indeholder cookies fra tredjeparter:<\/p>\n<p><\/p>\n<p>\u2013 google.com (Google Analytics)<\/p>\n<p><\/p>\n<p>Personoplysninger<\/p>\n<p><\/p>\n<p><b>Generelt<\/b><br><span style=\"color: var( --e-global-color-text ); font-size: 1rem;\">Personoplysninger er alle slags informationer, der i et eller andet omfang kan henf\u00f8res til dig. N\u00e5r du benytter denova.dk indsamler og behandler vi en r\u00e6kke s\u00e5danne informationer. Det sker f.eks. ved alm. tilgang af indhold, hvis du tilmelder dig vores nyhedsbrev, deltager i konkurrencer eller unders\u00f8gelser, registrerer dig som bruger eller abonnent, \u00f8vrig brug af services eller foretager k\u00f8b via denova.dk.<\/span><\/p>\n<p><\/p>\n<p>Vi indsamler og behandler typisk f\u00f8lgende typer af oplysninger: Et unikt ID og tekniske oplysninger om din computer, tablet eller mobiltelefon, dit IP-nummer, geografisk placering, samt hvilke sider du klikker p\u00e5 (interesser). I det omfang du selv giver eksplicit samtykke hertil og selv indtaster informationerne behandles desuden: Navn, telefonnummer, e-mail, adresse og betalingsoplysninger. Det vil typisk v\u00e6re i forbindelse med oprettelse af login eller ved k\u00f8b.<\/p>\n<p><\/p>\n<p><b>Sikkerhed<br><\/b><span style=\"color: var( --e-global-color-text ); font-size: 1rem;\">Vi har truffet tekniske og organisatoriske foranstaltninger mod, at dine oplysninger h\u00e6ndeligt eller ulovligt bliver slettet, offentliggjort, fortabt, forringet eller kommer til uvedkommendes kendskab, misbruges eller i \u00f8vrigt behandles i strid med lovgivningen.<\/span><\/p>\n<p><\/p>\n<p><b>Form\u00e5l<\/b><br><span style=\"color: var( --e-global-color-text ); font-size: 1rem;\">Oplysningerne kan bruges til at identificere dig som bruger og vise dig de annoncer, som vil have st\u00f8rst sandsynlighed for at v\u00e6re relevante for dig, samt at kunne levere de services, du har efterspurgt, som f.eks. at fremsende et nyhedsbrev. Herudover anvender vi oplysningerne til at optimere vores services og indhold.<\/span><\/p>\n<p><\/p>\n<p><b>Periode for opbevaring<\/b><br><span style=\"color: var( --e-global-color-text ); font-size: 1rem;\">Oplysningerne opbevares i det tidsrum, der er tilladt i henhold til lovgivningen, og vi sletter dem, n\u00e5r de ikke l\u00e6ngere er n\u00f8dvendige. Perioden afh\u00e6nger af karakteren af oplysningen og baggrunden for opbevaring. Det er derfor ikke muligt at angive en generel tidsramme for, hvorn\u00e5r informationer slettes.<\/span><\/p>\n<p><\/p>\n<p>Videregivelse af oplysninger<\/p>\n<p>Data om din brug af denova.dk, hvilke annoncer, du modtager og evt. klikker p\u00e5, geografisk placering, k\u00f8n og alderssegment m.v. videregives ikke til tredjeparter. Vi benytter herudover en r\u00e6kke tredjeparter til opbevaring og behandling af data. Disse behandler udelukkende oplysninger p\u00e5 vores vegne og m\u00e5 ikke anvende dem til egne form\u00e5l.<\/p>\n<p>Videregivelse af personoplysninger som navn og e-mail m.v. vil kun ske, hvis du giver samtykke til det. Vi anvender kun databehandlere i EU eller i lande, der kan give dine oplysninger en tilstr\u00e6kkelig beskyttelse.<\/p>\n<p><\/p>\n<p><b>Indsigt og klager<\/b><br><span style=\"color: var( --e-global-color-text ); font-size: 1rem;\">Du har ret til at f\u00e5 oplyst, hvilke personoplysninger, vi behandler om dig. Du kan desuden til enhver tid g\u00f8re indsigelse mod, at oplysninger anvendes. Du kan ogs\u00e5 tilbagekalde dit samtykke til, at der bliver behandlet oplysninger om dig. Hvis de oplysninger, der behandles om dig, er forkerte har du ret til at de bliver rettet eller slettet. Henvendelse herom kan ske til:&nbsp; lene@denova.dk . Hvis du vil klage over vores behandling af dine personoplysninger, har du ogs\u00e5 mulighed for at tage kontakt til Datatilsynet.<\/span><\/p>\n<p><\/p>\n<p><b>Udgiver<\/b><br><span style=\"color: var( --e-global-color-text ); font-size: 1rem;\">Websitet ejes og publiceres af:<\/span><\/p>\n<p>DeNova ApS<br><span style=\"color: var( --e-global-color-text ); font-size: 1rem;\">Havnevej 25<br><\/span><span style=\"color: var( --e-global-color-text ); font-size: 1rem;\">3300 Frederiksv\u00e6rk<\/span><\/p>\n<p>Telefon: 12 34 56 78<\/p>\n<p>E-mail: lene@denova.dk<\/p>\t\t\t\t\t\t\t\t<\/div>\n\t\t\t\t<\/div>\n\t\t\t\t\t<\/div>\n\t\t<\/div>\n\t\t\t\t\t<\/div>\n\t\t<\/section>\n\t\t\t\t<\/div>\n\t\t","protected":false},"excerpt":{"rendered":"<p>Cookie- og privatlivspolitik IntroduktionN\u00e5r du bes\u00f8ger denova.dk indsamles der oplysninger om dig, som bruges til at tilpasse og forbedre vores indhold. Hvis du ikke \u00f8nsker, at der indsamles oplysninger, b\u00f8r du slette dine cookies (se vejledning) og undlade videre brug af denova.dk. Nedenfor har vi uddybet, hvilke informationer der indsamles, deres form\u00e5l og hvilke tredjeparter, der har adgang til dem. Cookiesdenova.dk anvender \u201dcookies\u201d, der er en tekstfil, som gemmes p\u00e5 din computer, mobil el. tilsvarende med det form\u00e5l at genkende den, huske indstillinger og udf\u00f8re statistik. Cookies kan ikke indeholde skadelig kode som f.eks. virus. Det er muligt at slette eller blokere for cookies. Se vejledning: http:\/\/minecookies.org\/cookiehandtering Hvis du sletter eller blokerer cookies kan det v\u00e6re at siden ikke fungerer optimalt samt at der er indhold, du ikke kan f\u00e5 adgang til. Websitet indeholder cookies fra tredjeparter: \u2013 google.com (Google Analytics) Personoplysninger GenereltPersonoplysninger er alle slags informationer, der i et eller andet omfang kan henf\u00f8res til dig. N\u00e5r du benytter denova.dk indsamler og behandler vi en r\u00e6kke s\u00e5danne informationer. Det sker f.eks. ved alm. tilgang af indhold, hvis du tilmelder dig vores nyhedsbrev, deltager i konkurrencer eller unders\u00f8gelser, registrerer dig som bruger eller abonnent, \u00f8vrig brug af services eller foretager k\u00f8b via denova.dk. Vi indsamler og behandler typisk f\u00f8lgende typer af oplysninger: Et unikt ID og tekniske oplysninger om din computer, tablet eller mobiltelefon, dit IP-nummer, geografisk placering, samt hvilke sider du klikker p\u00e5 (interesser). I det omfang du selv giver eksplicit samtykke hertil og selv indtaster informationerne behandles desuden: Navn, telefonnummer, e-mail, adresse og betalingsoplysninger. Det vil typisk v\u00e6re i forbindelse med oprettelse af login eller ved k\u00f8b. SikkerhedVi har truffet tekniske og organisatoriske foranstaltninger mod, at dine oplysninger h\u00e6ndeligt eller ulovligt bliver slettet, offentliggjort, fortabt, forringet eller kommer til uvedkommendes kendskab, misbruges eller i \u00f8vrigt behandles i strid med lovgivningen. Form\u00e5lOplysningerne kan bruges til at identificere dig som bruger og vise dig de annoncer, som vil have st\u00f8rst sandsynlighed for at v\u00e6re relevante for dig, samt at kunne levere de services, du har efterspurgt, som f.eks. at fremsende et nyhedsbrev. Herudover anvender vi oplysningerne til at optimere vores services og indhold. Periode for opbevaringOplysningerne opbevares i det tidsrum, der er tilladt i henhold til lovgivningen, og vi sletter dem, n\u00e5r de ikke l\u00e6ngere er n\u00f8dvendige. Perioden afh\u00e6nger af karakteren af oplysningen og baggrunden for opbevaring. Det er derfor ikke muligt at angive en generel tidsramme for, hvorn\u00e5r informationer slettes. Videregivelse af oplysninger Data om din brug af denova.dk, hvilke annoncer, du modtager og evt. klikker p\u00e5, geografisk placering, k\u00f8n og alderssegment m.v. videregives ikke til tredjeparter. Vi benytter herudover en r\u00e6kke tredjeparter til opbevaring og behandling af data. Disse behandler udelukkende oplysninger p\u00e5 vores vegne og m\u00e5 ikke anvende dem til egne form\u00e5l. Videregivelse af personoplysninger som navn og e-mail m.v. vil kun ske, hvis du giver samtykke til det. Vi anvender kun databehandlere i EU eller i lande, der kan give dine oplysninger en tilstr\u00e6kkelig beskyttelse. Indsigt og klagerDu har ret til at f\u00e5 oplyst, hvilke personoplysninger, vi behandler om dig. Du kan desuden til enhver tid g\u00f8re indsigelse mod, at oplysninger anvendes. Du kan ogs\u00e5 tilbagekalde dit samtykke til, at der bliver behandlet oplysninger om dig. Hvis de oplysninger, der behandles om dig, er forkerte har du ret til at de bliver rettet eller slettet. Henvendelse herom kan ske til:&nbsp; lene@denova.dk . Hvis du vil klage over vores behandling af dine personoplysninger, har du ogs\u00e5 mulighed for at tage kontakt til Datatilsynet. UdgiverWebsitet ejes og publiceres af: DeNova ApSHavnevej 253300 Frederiksv\u00e6rk Telefon: 12 34 56 78 E-mail: lene@denova.dk<\/p>\n","protected":false},"author":1,"featured_media":0,"parent":0,"menu_order":0,"comment_status":"closed","ping_status":"closed","template":"elementor_header_footer","meta":{"footnotes":""},"class_list":["post-210","page","type-page","status-publish","hentry"],"_links":{"self":[{"href":"https:\/\/denova.dk\/da\/wp-json\/wp\/v2\/pages\/210","targetHints":{"allow":["GET"]}}],"collection":[{"href":"https:\/\/denova.dk\/da\/wp-json\/wp\/v2\/pages"}],"about":[{"href":"https:\/\/denova.dk\/da\/wp-json\/wp\/v2\/types\/page"}],"author":[{"embeddable":true,"href":"https:\/\/denova.dk\/da\/wp-json\/wp\/v2\/users\/1"}],"replies":[{"embeddable":true,"href":"https:\/\/denova.dk\/da\/wp-json\/wp\/v2\/comments?post=210"}],"version-history":[{"count":16,"href":"https:\/\/denova.dk\/da\/wp-json\/wp\/v2\/pages\/210\/revisions"}],"predecessor-version":[{"id":1358,"href":"https:\/\/denova.dk\/da\/wp-json\/wp\/v2\/pages\/210\/revisions\/1358"}],"wp:attachment":[{"href":"https:\/\/denova.dk\/da\/wp-json\/wp\/v2\/media?parent=210"}],"curies":[{"name":"wp","href":"https:\/\/api.w.org\/{rel}","templated":true}]}}