{"id":464,"date":"2022-07-20T10:54:51","date_gmt":"2022-07-20T08:54:51","guid":{"rendered":"https:\/\/denova.dk\/?page_id=464"},"modified":"2022-11-15T12:31:18","modified_gmt":"2022-11-15T11:31:18","slug":"om-denova","status":"publish","type":"page","link":"https:\/\/denova.dk\/da\/om-denova\/","title":{"rendered":"Om DeNova"},"content":{"rendered":"\t\t<div data-elementor-type=\"wp-page\" data-elementor-id=\"464\" class=\"elementor elementor-464\">\n\t\t\t\t\t\t<section class=\"elementor-section elementor-top-section elementor-element elementor-element-eb1e738 elementor-section-height-min-height elementor-section-boxed elementor-section-height-default elementor-section-items-middle wpr-particle-no wpr-jarallax-no wpr-parallax-no wpr-sticky-section-no wpr-equal-height-no elementor-invisible\" data-id=\"eb1e738\" data-element_type=\"section\" data-e-type=\"section\" data-settings=\"{&quot;background_background&quot;:&quot;classic&quot;,&quot;animation&quot;:&quot;fadeIn&quot;}\">\n\t\t\t\t\t\t<div class=\"elementor-container elementor-column-gap-default\">\n\t\t\t\t\t<div class=\"elementor-column elementor-col-100 elementor-top-column elementor-element elementor-element-f9eb629\" data-id=\"f9eb629\" data-element_type=\"column\" data-e-type=\"column\">\n\t\t\t<div class=\"elementor-widget-wrap elementor-element-populated\">\n\t\t\t\t\t\t<div class=\"elementor-element elementor-element-5b0c401 animated-slow elementor-invisible elementor-widget elementor-widget-heading\" data-id=\"5b0c401\" data-element_type=\"widget\" data-e-type=\"widget\" data-settings=\"{&quot;_animation&quot;:&quot;fadeIn&quot;}\" data-widget_type=\"heading.default\">\n\t\t\t\t<div class=\"elementor-widget-container\">\n\t\t\t\t\t<h2 class=\"elementor-heading-title elementor-size-default\">Om DeNova<\/h2>\t\t\t\t<\/div>\n\t\t\t\t<\/div>\n\t\t\t\t\t<\/div>\n\t\t<\/div>\n\t\t\t\t\t<\/div>\n\t\t<\/section>\n\t\t\t\t<section class=\"elementor-section elementor-top-section elementor-element elementor-element-70eca7d elementor-section-boxed elementor-section-height-default elementor-section-height-default wpr-particle-no wpr-jarallax-no wpr-parallax-no wpr-sticky-section-no wpr-equal-height-no\" data-id=\"70eca7d\" data-element_type=\"section\" data-e-type=\"section\">\n\t\t\t\t\t\t<div class=\"elementor-container elementor-column-gap-default\">\n\t\t\t\t\t<div class=\"elementor-column elementor-col-100 elementor-top-column elementor-element elementor-element-d6bffb3\" data-id=\"d6bffb3\" data-element_type=\"column\" data-e-type=\"column\">\n\t\t\t<div class=\"elementor-widget-wrap elementor-element-populated\">\n\t\t\t\t\t\t<div class=\"elementor-element elementor-element-a8c8481 elementor-widget elementor-widget-spacer\" data-id=\"a8c8481\" data-element_type=\"widget\" data-e-type=\"widget\" data-widget_type=\"spacer.default\">\n\t\t\t\t<div class=\"elementor-widget-container\">\n\t\t\t\t\t\t\t<div class=\"elementor-spacer\">\n\t\t\t<div class=\"elementor-spacer-inner\"><\/div>\n\t\t<\/div>\n\t\t\t\t\t\t<\/div>\n\t\t\t\t<\/div>\n\t\t\t\t\t<\/div>\n\t\t<\/div>\n\t\t\t\t\t<\/div>\n\t\t<\/section>\n\t\t\t\t<section class=\"elementor-section elementor-top-section elementor-element elementor-element-1cf05ec elementor-section-full_width elementor-section-stretched elementor-section-height-default elementor-section-height-default wpr-particle-no wpr-jarallax-no wpr-parallax-no wpr-sticky-section-no wpr-equal-height-no\" data-id=\"1cf05ec\" data-element_type=\"section\" data-e-type=\"section\" data-settings=\"{&quot;stretch_section&quot;:&quot;section-stretched&quot;}\">\n\t\t\t\t\t\t<div class=\"elementor-container elementor-column-gap-default\">\n\t\t\t\t\t<div class=\"elementor-column elementor-col-50 elementor-top-column elementor-element elementor-element-d14b22c\" data-id=\"d14b22c\" data-element_type=\"column\" data-e-type=\"column\">\n\t\t\t<div class=\"elementor-widget-wrap elementor-element-populated\">\n\t\t\t\t\t\t<div class=\"elementor-element elementor-element-c1a7bbe animated-slow elementor-invisible elementor-widget elementor-widget-video\" data-id=\"c1a7bbe\" data-element_type=\"widget\" data-e-type=\"widget\" data-settings=\"{&quot;youtube_url&quot;:&quot;https:\\\/\\\/youtu.be\\\/_aMoUZw6u2I&quot;,&quot;_animation&quot;:&quot;fadeIn&quot;,&quot;video_type&quot;:&quot;youtube&quot;,&quot;controls&quot;:&quot;yes&quot;}\" data-widget_type=\"video.default\">\n\t\t\t\t<div class=\"elementor-widget-container\">\n\t\t\t\t\t\t\t<div class=\"elementor-wrapper elementor-open-inline\">\n\t\t\t<div class=\"elementor-video\"><\/div>\t\t<\/div>\n\t\t\t\t\t\t<\/div>\n\t\t\t\t<\/div>\n\t\t\t\t\t<\/div>\n\t\t<\/div>\n\t\t\t\t<div class=\"elementor-column elementor-col-50 elementor-top-column elementor-element elementor-element-2d1f7bc\" data-id=\"2d1f7bc\" data-element_type=\"column\" data-e-type=\"column\">\n\t\t\t<div class=\"elementor-widget-wrap elementor-element-populated\">\n\t\t\t\t\t\t<div class=\"elementor-element elementor-element-88ba0ef animated-slow elementor-invisible elementor-widget elementor-widget-text-editor\" data-id=\"88ba0ef\" data-element_type=\"widget\" data-e-type=\"widget\" data-settings=\"{&quot;_animation&quot;:&quot;fadeIn&quot;}\" data-widget_type=\"text-editor.default\">\n\t\t\t\t<div class=\"elementor-widget-container\">\n\t\t\t\t\t\t\t\t\t<p><\/p>\n<p>DeNova er et moderne affaldssorteringsfirma. Vores vision er at blive f\u00f8rende i Europa til at sortere enkelte besv\u00e6rlige affaldsfraktioner p\u00e5 vores sorteringslinjer. <br><span style=\"color: var( --e-global-color-text ); font-size: 1rem; font-weight: var( --e-global-typography-text-font-weight );\"><span style=\"color: var( --e-global-color-text ); font-weight: var( --e-global-typography-text-font-weight ); font-size: 1rem;\">Meget af det affald der tidligere blev k\u00f8rt til deponi eller forbr\u00e6nding indeholder materialer der med rette sortering og behandling kan genanvendes. P\u00e5 denne m\u00e5de spares milj\u00f8et for flere belastninger.<\/span><\/span><\/p>\n<p>Vi sorterer s\u00e5ledes jern, aluminium og andre metaller fra andet affald, s\u00e5 det kan genanvendes i andre oparbejdningsanl\u00e6g og f\u00e5 nyt liv. <\/p>\n<p>Derudover har vi specialiseret os i at sortere plastik. Der findes i dag mange forskellige plasttyper som skal behandles forskelligt afh\u00e6ngigt af, hvad plastikken er produceret af. Derfor er sorteringsarbejdet vigtigt i forhold til at kunne genanvende s\u00e5 meget som muligt. <\/p>\n<p><span style=\"color: var( --e-global-color-text ); font-size: 1rem; font-weight: var( --e-global-typography-text-font-weight );\">DeNova ligger i det tidligere DFJ, de Forende Jernst\u00f8beriers haller, hvor der har ligget sv\u00e6rindustri siden 1930\u2019erne. Mange af de oliefyr og br\u00e6ndeovne der st\u00e5r rundt omkring i Danmark er st\u00f8bt p\u00e5 stedet. DeNova overtog bygningerne efter DFJ, og vi har siden arbejdet med at vedligeholde og istands\u00e6tte de gamle industribygninger.<\/span><\/p>\t\t\t\t\t\t\t\t<\/div>\n\t\t\t\t<\/div>\n\t\t\t\t\t<\/div>\n\t\t<\/div>\n\t\t\t\t\t<\/div>\n\t\t<\/section>\n\t\t\t\t<section class=\"elementor-section elementor-top-section elementor-element elementor-element-fcc1567 elementor-section-boxed elementor-section-height-default elementor-section-height-default wpr-particle-no wpr-jarallax-no wpr-parallax-no wpr-sticky-section-no wpr-equal-height-no\" data-id=\"fcc1567\" data-element_type=\"section\" data-e-type=\"section\">\n\t\t\t\t\t\t<div class=\"elementor-container elementor-column-gap-default\">\n\t\t\t\t\t<div class=\"elementor-column elementor-col-100 elementor-top-column elementor-element elementor-element-20dfd5b\" data-id=\"20dfd5b\" data-element_type=\"column\" data-e-type=\"column\">\n\t\t\t<div class=\"elementor-widget-wrap elementor-element-populated\">\n\t\t\t\t\t\t<div class=\"elementor-element elementor-element-cde44e5 elementor-widget elementor-widget-spacer\" data-id=\"cde44e5\" data-element_type=\"widget\" data-e-type=\"widget\" data-widget_type=\"spacer.default\">\n\t\t\t\t<div class=\"elementor-widget-container\">\n\t\t\t\t\t\t\t<div class=\"elementor-spacer\">\n\t\t\t<div class=\"elementor-spacer-inner\"><\/div>\n\t\t<\/div>\n\t\t\t\t\t\t<\/div>\n\t\t\t\t<\/div>\n\t\t\t\t\t<\/div>\n\t\t<\/div>\n\t\t\t\t\t<\/div>\n\t\t<\/section>\n\t\t\t\t<section class=\"elementor-section elementor-top-section elementor-element elementor-element-35dc25a elementor-section-height-min-height animated-slow elementor-section-boxed elementor-section-height-default elementor-section-items-middle wpr-particle-no wpr-jarallax-no wpr-parallax-no wpr-sticky-section-no wpr-equal-height-no elementor-invisible\" data-id=\"35dc25a\" data-element_type=\"section\" data-e-type=\"section\" data-settings=\"{&quot;background_background&quot;:&quot;classic&quot;,&quot;animation&quot;:&quot;fadeIn&quot;}\">\n\t\t\t\t\t\t<div class=\"elementor-container elementor-column-gap-default\">\n\t\t\t\t\t<div class=\"elementor-column elementor-col-100 elementor-top-column elementor-element elementor-element-1ca0007\" data-id=\"1ca0007\" data-element_type=\"column\" data-e-type=\"column\">\n\t\t\t<div class=\"elementor-widget-wrap elementor-element-populated\">\n\t\t\t\t\t\t<div class=\"elementor-element elementor-element-4be6e06 animated-slow elementor-invisible elementor-widget elementor-widget-heading\" data-id=\"4be6e06\" data-element_type=\"widget\" data-e-type=\"widget\" data-settings=\"{&quot;_animation&quot;:&quot;fadeIn&quot;}\" data-widget_type=\"heading.default\">\n\t\t\t\t<div class=\"elementor-widget-container\">\n\t\t\t\t\t<h2 class=\"elementor-heading-title elementor-size-default\">Genanvendelse<\/h2>\t\t\t\t<\/div>\n\t\t\t\t<\/div>\n\t\t\t\t\t<\/div>\n\t\t<\/div>\n\t\t\t\t\t<\/div>\n\t\t<\/section>\n\t\t\t\t<section class=\"elementor-section elementor-top-section elementor-element elementor-element-f8d77af elementor-section-boxed elementor-section-height-default elementor-section-height-default wpr-particle-no wpr-jarallax-no wpr-parallax-no wpr-sticky-section-no wpr-equal-height-no\" data-id=\"f8d77af\" data-element_type=\"section\" data-e-type=\"section\">\n\t\t\t\t\t\t<div class=\"elementor-container elementor-column-gap-default\">\n\t\t\t\t\t<div class=\"elementor-column elementor-col-100 elementor-top-column elementor-element elementor-element-f8b6cae\" data-id=\"f8b6cae\" data-element_type=\"column\" data-e-type=\"column\">\n\t\t\t<div class=\"elementor-widget-wrap elementor-element-populated\">\n\t\t\t\t\t\t<div class=\"elementor-element elementor-element-c2337f9 elementor-widget elementor-widget-spacer\" data-id=\"c2337f9\" data-element_type=\"widget\" data-e-type=\"widget\" data-widget_type=\"spacer.default\">\n\t\t\t\t<div class=\"elementor-widget-container\">\n\t\t\t\t\t\t\t<div class=\"elementor-spacer\">\n\t\t\t<div class=\"elementor-spacer-inner\"><\/div>\n\t\t<\/div>\n\t\t\t\t\t\t<\/div>\n\t\t\t\t<\/div>\n\t\t\t\t\t<\/div>\n\t\t<\/div>\n\t\t\t\t\t<\/div>\n\t\t<\/section>\n\t\t\t\t<section class=\"elementor-section elementor-top-section elementor-element elementor-element-b493e10 elementor-section-boxed elementor-section-height-default elementor-section-height-default wpr-particle-no wpr-jarallax-no wpr-parallax-no wpr-sticky-section-no wpr-equal-height-no\" data-id=\"b493e10\" data-element_type=\"section\" data-e-type=\"section\">\n\t\t\t\t\t\t<div class=\"elementor-container elementor-column-gap-default\">\n\t\t\t\t\t<div class=\"elementor-column elementor-col-100 elementor-top-column elementor-element elementor-element-6017962\" data-id=\"6017962\" data-element_type=\"column\" data-e-type=\"column\">\n\t\t\t<div class=\"elementor-widget-wrap elementor-element-populated\">\n\t\t\t\t\t\t<div class=\"elementor-element elementor-element-15c8eca animated-slow elementor-invisible elementor-widget elementor-widget-text-editor\" data-id=\"15c8eca\" data-element_type=\"widget\" data-e-type=\"widget\" data-settings=\"{&quot;_animation&quot;:&quot;fadeIn&quot;}\" data-widget_type=\"text-editor.default\">\n\t\t\t\t<div class=\"elementor-widget-container\">\n\t\t\t\t\t\t\t\t\t<p>N\u00e5r metaller genanvendes undg\u00e5r man at skulle hente ny r\u00e5malm i miner. Man undg\u00e5r ogs\u00e5 den meget energikr\u00e6vende oparbejdning af r\u00e5malmen, da de metaller der hentes i affald kan genanvendes direkte p\u00e5 for eksempel st\u00e5lv\u00e6rker og i aluminiumsindustrien.<\/p><p><span style=\"color: var( --e-global-color-text ); font-weight: var( --e-global-typography-text-font-weight ); font-size: 1rem;\">P\u00e5 samme m\u00e5de sparer genanvendt plastik ogs\u00e5 milj\u00f8et for store belastninger. N\u00e5r plastik afbr\u00e6ndes dannes der ved nogle plastiktyper giftige gasser og drivhusgasser. Ved de mindst skadelige plastiktyper dannes der kun CO2 og vanddamp. Men da langt det meste plastik er lavet af r\u00e5olie, som er et fossilt br\u00e6ndstof, belaster denne afbr\u00e6nding milj\u00f8et p\u00e5 n\u00f8jagtig samme m\u00e5de som al anden afbr\u00e6nding af fossilt br\u00e6ndstof.<\/span><\/p><p><span style=\"color: var( --e-global-color-text ); font-weight: var( --e-global-typography-text-font-weight ); font-size: 1rem;\">I dag tilstr\u00e6ber DeNova stadig at finde nye muligheder for at genanvende og oparbejde hvad andre mener er affald.<\/span><\/p>\t\t\t\t\t\t\t\t<\/div>\n\t\t\t\t<\/div>\n\t\t\t\t\t<\/div>\n\t\t<\/div>\n\t\t\t\t\t<\/div>\n\t\t<\/section>\n\t\t\t\t<section class=\"elementor-section elementor-top-section elementor-element elementor-element-7dbe7fd elementor-section-boxed elementor-section-height-default elementor-section-height-default wpr-particle-no wpr-jarallax-no wpr-parallax-no wpr-sticky-section-no wpr-equal-height-no\" data-id=\"7dbe7fd\" data-element_type=\"section\" data-e-type=\"section\">\n\t\t\t\t\t\t<div class=\"elementor-container elementor-column-gap-default\">\n\t\t\t\t\t<div class=\"elementor-column elementor-col-100 elementor-top-column elementor-element elementor-element-2d3777c\" data-id=\"2d3777c\" data-element_type=\"column\" data-e-type=\"column\">\n\t\t\t<div class=\"elementor-widget-wrap elementor-element-populated\">\n\t\t\t\t\t\t<div class=\"elementor-element elementor-element-1cc0a27 elementor-widget elementor-widget-spacer\" data-id=\"1cc0a27\" data-element_type=\"widget\" data-e-type=\"widget\" data-widget_type=\"spacer.default\">\n\t\t\t\t<div class=\"elementor-widget-container\">\n\t\t\t\t\t\t\t<div class=\"elementor-spacer\">\n\t\t\t<div class=\"elementor-spacer-inner\"><\/div>\n\t\t<\/div>\n\t\t\t\t\t\t<\/div>\n\t\t\t\t<\/div>\n\t\t\t\t\t<\/div>\n\t\t<\/div>\n\t\t\t\t\t<\/div>\n\t\t<\/section>\n\t\t\t\t<\/div>\n\t\t","protected":false},"excerpt":{"rendered":"<p>Om DeNova https:\/\/youtu.be\/_aMoUZw6u2I DeNova er et moderne affaldssorteringsfirma. Vores vision er at blive f\u00f8rende i Europa til at sortere enkelte besv\u00e6rlige affaldsfraktioner p\u00e5 vores sorteringslinjer. Meget af det affald der tidligere blev k\u00f8rt til deponi eller forbr\u00e6nding indeholder materialer der med rette sortering og behandling kan genanvendes. P\u00e5 denne m\u00e5de spares milj\u00f8et for flere belastninger. Vi sorterer s\u00e5ledes jern, aluminium og andre metaller fra andet affald, s\u00e5 det kan genanvendes i andre oparbejdningsanl\u00e6g og f\u00e5 nyt liv. Derudover har vi specialiseret os i at sortere plastik. Der findes i dag mange forskellige plasttyper som skal behandles forskelligt afh\u00e6ngigt af, hvad plastikken er produceret af. Derfor er sorteringsarbejdet vigtigt i forhold til at kunne genanvende s\u00e5 meget som muligt. DeNova ligger i det tidligere DFJ, de Forende Jernst\u00f8beriers haller, hvor der har ligget sv\u00e6rindustri siden 1930\u2019erne. Mange af de oliefyr og br\u00e6ndeovne der st\u00e5r rundt omkring i Danmark er st\u00f8bt p\u00e5 stedet. DeNova overtog bygningerne efter DFJ, og vi har siden arbejdet med at vedligeholde og istands\u00e6tte de gamle industribygninger. Genanvendelse N\u00e5r metaller genanvendes undg\u00e5r man at skulle hente ny r\u00e5malm i miner. Man undg\u00e5r ogs\u00e5 den meget energikr\u00e6vende oparbejdning af r\u00e5malmen, da de metaller der hentes i affald kan genanvendes direkte p\u00e5 for eksempel st\u00e5lv\u00e6rker og i aluminiumsindustrien. P\u00e5 samme m\u00e5de sparer genanvendt plastik ogs\u00e5 milj\u00f8et for store belastninger. N\u00e5r plastik afbr\u00e6ndes dannes der ved nogle plastiktyper giftige gasser og drivhusgasser. Ved de mindst skadelige plastiktyper dannes der kun CO2 og vanddamp. Men da langt det meste plastik er lavet af r\u00e5olie, som er et fossilt br\u00e6ndstof, belaster denne afbr\u00e6nding milj\u00f8et p\u00e5 n\u00f8jagtig samme m\u00e5de som al anden afbr\u00e6nding af fossilt br\u00e6ndstof. I dag tilstr\u00e6ber DeNova stadig at finde nye muligheder for at genanvende og oparbejde hvad andre mener er affald.<\/p>\n","protected":false},"author":1,"featured_media":0,"parent":0,"menu_order":0,"comment_status":"closed","ping_status":"closed","template":"elementor_header_footer","meta":{"footnotes":""},"class_list":["post-464","page","type-page","status-publish","hentry"],"_links":{"self":[{"href":"https:\/\/denova.dk\/da\/wp-json\/wp\/v2\/pages\/464","targetHints":{"allow":["GET"]}}],"collection":[{"href":"https:\/\/denova.dk\/da\/wp-json\/wp\/v2\/pages"}],"about":[{"href":"https:\/\/denova.dk\/da\/wp-json\/wp\/v2\/types\/page"}],"author":[{"embeddable":true,"href":"https:\/\/denova.dk\/da\/wp-json\/wp\/v2\/users\/1"}],"replies":[{"embeddable":true,"href":"https:\/\/denova.dk\/da\/wp-json\/wp\/v2\/comments?post=464"}],"version-history":[{"count":85,"href":"https:\/\/denova.dk\/da\/wp-json\/wp\/v2\/pages\/464\/revisions"}],"predecessor-version":[{"id":1653,"href":"https:\/\/denova.dk\/da\/wp-json\/wp\/v2\/pages\/464\/revisions\/1653"}],"wp:attachment":[{"href":"https:\/\/denova.dk\/da\/wp-json\/wp\/v2\/media?parent=464"}],"curies":[{"name":"wp","href":"https:\/\/api.w.org\/{rel}","templated":true}]}}