{"id":523,"date":"2022-07-22T11:42:14","date_gmt":"2022-07-22T09:42:14","guid":{"rendered":"https:\/\/denova.dk\/?page_id=523"},"modified":"2022-09-27T09:49:12","modified_gmt":"2022-09-27T07:49:12","slug":"sponsorater","status":"publish","type":"page","link":"https:\/\/denova.dk\/en\/sponsorater\/","title":{"rendered":"Sponsorships"},"content":{"rendered":"<div data-elementor-type=\"wp-page\" data-elementor-id=\"523\" class=\"elementor elementor-523\">\n\t\t\t\t\t\t<section class=\"elementor-section elementor-top-section elementor-element elementor-element-ed76293 elementor-section-height-min-height elementor-section-boxed elementor-section-height-default elementor-section-items-middle wpr-particle-no wpr-jarallax-no wpr-parallax-no wpr-sticky-section-no wpr-equal-height-no elementor-invisible\" data-id=\"ed76293\" data-element_type=\"section\" data-e-type=\"section\" data-settings=\"{&quot;background_background&quot;:&quot;classic&quot;,&quot;animation&quot;:&quot;fadeIn&quot;}\">\n\t\t\t\t\t\t<div class=\"elementor-container elementor-column-gap-default\">\n\t\t\t\t\t<div class=\"elementor-column elementor-col-100 elementor-top-column elementor-element elementor-element-a0e3633\" data-id=\"a0e3633\" data-element_type=\"column\" data-e-type=\"column\">\n\t\t\t<div class=\"elementor-widget-wrap elementor-element-populated\">\n\t\t\t\t\t\t<div class=\"elementor-element elementor-element-87e8e3b animated-slow elementor-invisible elementor-widget elementor-widget-heading\" data-id=\"87e8e3b\" data-element_type=\"widget\" data-e-type=\"widget\" data-settings=\"{&quot;_animation&quot;:&quot;fadeIn&quot;}\" data-widget_type=\"heading.default\">\n\t\t\t\t<div class=\"elementor-widget-container\">\n\t\t\t\t\t<h2 class=\"elementor-heading-title elementor-size-default\">Sponsorships<\/h2>\t\t\t\t<\/div>\n\t\t\t\t<\/div>\n\t\t\t\t\t<\/div>\n\t\t<\/div>\n\t\t\t\t\t<\/div>\n\t\t<\/section>\n\t\t\t\t<section class=\"elementor-section elementor-top-section elementor-element elementor-element-35709ee elementor-section-boxed elementor-section-height-default elementor-section-height-default wpr-particle-no wpr-jarallax-no wpr-parallax-no wpr-sticky-section-no wpr-equal-height-no\" data-id=\"35709ee\" data-element_type=\"section\" data-e-type=\"section\">\n\t\t\t\t\t\t<div class=\"elementor-container elementor-column-gap-default\">\n\t\t\t\t\t<div class=\"elementor-column elementor-col-100 elementor-top-column elementor-element elementor-element-a3f54b4\" data-id=\"a3f54b4\" data-element_type=\"column\" data-e-type=\"column\">\n\t\t\t<div class=\"elementor-widget-wrap elementor-element-populated\">\n\t\t\t\t\t\t<div class=\"elementor-element elementor-element-6302f6b elementor-widget elementor-widget-spacer\" data-id=\"6302f6b\" data-element_type=\"widget\" data-e-type=\"widget\" data-widget_type=\"spacer.default\">\n\t\t\t\t<div class=\"elementor-widget-container\">\n\t\t\t\t\t\t\t<div class=\"elementor-spacer\">\n\t\t\t<div class=\"elementor-spacer-inner\"><\/div>\n\t\t<\/div>\n\t\t\t\t\t\t<\/div>\n\t\t\t\t<\/div>\n\t\t\t\t\t<\/div>\n\t\t<\/div>\n\t\t\t\t\t<\/div>\n\t\t<\/section>\n\t\t\t\t<section class=\"elementor-section elementor-top-section elementor-element elementor-element-cfaed7b elementor-section-boxed elementor-section-height-default elementor-section-height-default wpr-particle-no wpr-jarallax-no wpr-parallax-no wpr-sticky-section-no wpr-equal-height-no\" data-id=\"cfaed7b\" data-element_type=\"section\" data-e-type=\"section\">\n\t\t\t\t\t\t<div class=\"elementor-container elementor-column-gap-default\">\n\t\t\t\t\t<div class=\"elementor-column elementor-col-100 elementor-top-column elementor-element elementor-element-02a66b9\" data-id=\"02a66b9\" data-element_type=\"column\" data-e-type=\"column\">\n\t\t\t<div class=\"elementor-widget-wrap elementor-element-populated\">\n\t\t\t\t\t\t<div class=\"elementor-element elementor-element-b02a2ef elementor-widget elementor-widget-text-editor\" data-id=\"b02a2ef\" data-element_type=\"widget\" data-e-type=\"widget\" data-widget_type=\"text-editor.default\">\n\t\t\t\t<div class=\"elementor-widget-container\">\n\t\t\t\t\t\t\t\t\t<p class=\"MsoNormal\"><strong>Each year, we sponsor a range of good causes. Our main focus is on supporting local initiatives in Halsn\u00e6s.<\/strong><br><strong><span style=\"color: var( --e-global-color-text ); font-size: 1rem;\">Derudover har vi en enkelt hjertesag, som hvert \u00e5r f\u00e5r vores opm\u00e6rksomhed \u2013&nbsp;nemlig foreninger der g\u00f8r livet lettere for syge b\u00f8rn.&nbsp;<\/span><\/strong><\/p>\t\t\t\t\t\t\t\t<\/div>\n\t\t\t\t<\/div>\n\t\t\t\t\t<\/div>\n\t\t<\/div>\n\t\t\t\t\t<\/div>\n\t\t<\/section>\n\t\t\t\t<section class=\"elementor-section elementor-top-section elementor-element elementor-element-dba1003 elementor-section-boxed elementor-section-height-default elementor-section-height-default wpr-particle-no wpr-jarallax-no wpr-parallax-no wpr-sticky-section-no wpr-equal-height-no\" data-id=\"dba1003\" data-element_type=\"section\" data-e-type=\"section\">\n\t\t\t\t\t\t<div class=\"elementor-container elementor-column-gap-default\">\n\t\t\t\t\t<div class=\"elementor-column elementor-col-100 elementor-top-column elementor-element elementor-element-0364096\" data-id=\"0364096\" data-element_type=\"column\" data-e-type=\"column\">\n\t\t\t<div class=\"elementor-widget-wrap elementor-element-populated\">\n\t\t\t\t\t\t<div class=\"elementor-element elementor-element-d16817e elementor-widget-divider--view-line elementor-widget elementor-widget-divider\" data-id=\"d16817e\" data-element_type=\"widget\" data-e-type=\"widget\" data-widget_type=\"divider.default\">\n\t\t\t\t<div class=\"elementor-widget-container\">\n\t\t\t\t\t\t\t<div class=\"elementor-divider\">\n\t\t\t<span class=\"elementor-divider-separator\">\n\t\t\t\t\t\t<\/span>\n\t\t<\/div>\n\t\t\t\t\t\t<\/div>\n\t\t\t\t<\/div>\n\t\t\t\t\t<\/div>\n\t\t<\/div>\n\t\t\t\t\t<\/div>\n\t\t<\/section>\n\t\t\t\t<section class=\"elementor-section elementor-top-section elementor-element elementor-element-635567d elementor-section-boxed elementor-section-height-default elementor-section-height-default wpr-particle-no wpr-jarallax-no wpr-parallax-no wpr-sticky-section-no wpr-equal-height-no\" data-id=\"635567d\" data-element_type=\"section\" data-e-type=\"section\">\n\t\t\t\t\t\t<div class=\"elementor-container elementor-column-gap-default\">\n\t\t\t\t\t<div class=\"elementor-column elementor-col-33 elementor-top-column elementor-element elementor-element-b4963aa\" data-id=\"b4963aa\" data-element_type=\"column\" data-e-type=\"column\">\n\t\t\t<div class=\"elementor-widget-wrap elementor-element-populated\">\n\t\t\t\t\t\t<div class=\"elementor-element elementor-element-2a6fc6c elementor-widget elementor-widget-fancy-elementor-flipbox\" data-id=\"2a6fc6c\" data-element_type=\"widget\" data-e-type=\"widget\" data-widget_type=\"fancy-elementor-flipbox.default\">\n\t\t\t\t<div class=\"elementor-widget-container\">\n\t\t\t\t\t<!-- Start Of Flipbox --><div id=\"flip-demo-0\" class=\"tp-flipbox flip-box-style tp-flipbox--vertical\"><div class=\"tp-flipbox__holder\"><div class=\"tp-flipbox__front\"><div class=\"tp-flipbox__content\"><div class=\"tp-flipbox__icon-front\"><\/div><div class=\"tp-flipbox__title-front\"><\/div><div class=\"tp-flipbox__desc-back\"><\/div><\/div><\/div><div class=\"tp-flipbox__back\" ><div class=\"tp-flipbox__content\"><div class=\"tp-flipbox__icon-back\">                <\/div><div class=\"tp-flipbox__title-back\"><\/div><div class=\"tp-flipbox__desc-back\">Halsn\u00e6s Karate-Do<\/div><div class=\"tp-flipbox__action\"><a   href=\"https:\/\/halsnaeskaratedo.mento.club\/\" class=\"tp-flipbox__btn\">G\u00e5 til Halsn\u00e6s Karate-Do<\/a><\/div><\/div><\/div><\/div><\/div><!-- End Of Flipbox -->\t\t\t\t<\/div>\n\t\t\t\t<\/div>\n\t\t\t\t\t<\/div>\n\t\t<\/div>\n\t\t\t\t<div class=\"elementor-column elementor-col-33 elementor-top-column elementor-element elementor-element-faeb288\" data-id=\"faeb288\" data-element_type=\"column\" data-e-type=\"column\">\n\t\t\t<div class=\"elementor-widget-wrap elementor-element-populated\">\n\t\t\t\t\t\t<div class=\"elementor-element elementor-element-d423f9f elementor-widget elementor-widget-fancy-elementor-flipbox\" data-id=\"d423f9f\" data-element_type=\"widget\" data-e-type=\"widget\" data-widget_type=\"fancy-elementor-flipbox.default\">\n\t\t\t\t<div class=\"elementor-widget-container\">\n\t\t\t\t\t<!-- Start Of Flipbox --><div id=\"flip-demo-0\" class=\"tp-flipbox flip-box-style tp-flipbox--vertical\"><div class=\"tp-flipbox__holder\"><div class=\"tp-flipbox__front\"><div class=\"tp-flipbox__content\"><div class=\"tp-flipbox__icon-front\"><\/div><div class=\"tp-flipbox__title-front\"><\/div><div class=\"tp-flipbox__desc-back\"><\/div><\/div><\/div><div class=\"tp-flipbox__back\" ><div class=\"tp-flipbox__content\"><div class=\"tp-flipbox__icon-back\">                <\/div><div class=\"tp-flipbox__title-back\"><\/div><div class=\"tp-flipbox__desc-back\">Frederiksv\u00e6rk St\u00e5lmand<\/div><div class=\"tp-flipbox__action\"><a   href=\"https:\/\/www.facebook.com\/FrederiksvaerkStaalmand\" class=\"tp-flipbox__btn\">G\u00e5 til Frederiksv\u00e6rk St\u00e5lmand<\/a><\/div><\/div><\/div><\/div><\/div><!-- End Of Flipbox -->\t\t\t\t<\/div>\n\t\t\t\t<\/div>\n\t\t\t\t\t<\/div>\n\t\t<\/div>\n\t\t\t\t<div class=\"elementor-column elementor-col-33 elementor-top-column elementor-element elementor-element-b303071\" data-id=\"b303071\" data-element_type=\"column\" data-e-type=\"column\">\n\t\t\t<div class=\"elementor-widget-wrap elementor-element-populated\">\n\t\t\t\t\t\t<div class=\"elementor-element elementor-element-9478579 elementor-widget elementor-widget-fancy-elementor-flipbox\" data-id=\"9478579\" data-element_type=\"widget\" data-e-type=\"widget\" data-widget_type=\"fancy-elementor-flipbox.default\">\n\t\t\t\t<div class=\"elementor-widget-container\">\n\t\t\t\t\t<!-- Start Of Flipbox --><div id=\"flip-demo-0\" class=\"tp-flipbox flip-box-style tp-flipbox--vertical\"><div class=\"tp-flipbox__holder\"><div class=\"tp-flipbox__front\"><div class=\"tp-flipbox__content\"><div class=\"tp-flipbox__icon-front\"><\/div><div class=\"tp-flipbox__title-front\"><\/div><div class=\"tp-flipbox__desc-back\"><\/div><\/div><\/div><div class=\"tp-flipbox__back\" ><div class=\"tp-flipbox__content\"><div class=\"tp-flipbox__icon-back\">                <\/div><div class=\"tp-flipbox__title-back\"><\/div><div class=\"tp-flipbox__desc-back\">Frederiksv\u00e6rk Fodbold Klub<\/div><div class=\"tp-flipbox__action\"><a   href=\"https:\/\/www.fkk-fodbold.dk\" class=\"tp-flipbox__btn\">G\u00e5 til Frederiksv\u00e6rk Fodbold Klub<\/a><\/div><\/div><\/div><\/div><\/div><!-- End Of Flipbox -->\t\t\t\t<\/div>\n\t\t\t\t<\/div>\n\t\t\t\t\t<\/div>\n\t\t<\/div>\n\t\t\t\t\t<\/div>\n\t\t<\/section>\n\t\t\t\t<section class=\"elementor-section elementor-top-section elementor-element elementor-element-bc5e320 elementor-section-boxed elementor-section-height-default elementor-section-height-default wpr-particle-no wpr-jarallax-no wpr-parallax-no wpr-sticky-section-no wpr-equal-height-no\" data-id=\"bc5e320\" data-element_type=\"section\" data-e-type=\"section\">\n\t\t\t\t\t\t<div class=\"elementor-container elementor-column-gap-default\">\n\t\t\t\t\t<div class=\"elementor-column elementor-col-33 elementor-top-column elementor-element elementor-element-1c882b5\" data-id=\"1c882b5\" data-element_type=\"column\" data-e-type=\"column\">\n\t\t\t<div class=\"elementor-widget-wrap elementor-element-populated\">\n\t\t\t\t\t\t<div class=\"elementor-element elementor-element-3d35dbd elementor-widget elementor-widget-fancy-elementor-flipbox\" data-id=\"3d35dbd\" data-element_type=\"widget\" data-e-type=\"widget\" data-widget_type=\"fancy-elementor-flipbox.default\">\n\t\t\t\t<div class=\"elementor-widget-container\">\n\t\t\t\t\t<!-- Start Of Flipbox --><div id=\"flip-demo-0\" class=\"tp-flipbox flip-box-style tp-flipbox--vertical\"><div class=\"tp-flipbox__holder\"><div class=\"tp-flipbox__front\"><div class=\"tp-flipbox__content\"><div class=\"tp-flipbox__icon-front\"><\/div><div class=\"tp-flipbox__title-front\"><\/div><div class=\"tp-flipbox__desc-back\"><\/div><\/div><\/div><div class=\"tp-flipbox__back\" ><div class=\"tp-flipbox__content\"><div class=\"tp-flipbox__icon-back\">                <\/div><div class=\"tp-flipbox__title-back\"><\/div><div class=\"tp-flipbox__desc-back\">St\u00f8beskeen Amat\u00f8rteater Frederiksv\u00e6rk<\/div><div class=\"tp-flipbox__action\"><a   href=\"https:\/\/www.stobeskeen.dk\" class=\"tp-flipbox__btn\">G\u00e5 til St\u00f8beskeen<\/a><\/div><\/div><\/div><\/div><\/div><!-- End Of Flipbox -->\t\t\t\t<\/div>\n\t\t\t\t<\/div>\n\t\t\t\t\t<\/div>\n\t\t<\/div>\n\t\t\t\t<div class=\"elementor-column elementor-col-33 elementor-top-column elementor-element elementor-element-6275ae3\" data-id=\"6275ae3\" data-element_type=\"column\" data-e-type=\"column\">\n\t\t\t<div class=\"elementor-widget-wrap elementor-element-populated\">\n\t\t\t\t\t\t<div class=\"elementor-element elementor-element-d131d74 elementor-widget elementor-widget-fancy-elementor-flipbox\" data-id=\"d131d74\" data-element_type=\"widget\" data-e-type=\"widget\" data-widget_type=\"fancy-elementor-flipbox.default\">\n\t\t\t\t<div class=\"elementor-widget-container\">\n\t\t\t\t\t<!-- Start Of Flipbox --><div id=\"flip-demo-0\" class=\"tp-flipbox flip-box-style tp-flipbox--vertical\"><div class=\"tp-flipbox__holder\"><div class=\"tp-flipbox__front\"><div class=\"tp-flipbox__content\"><div class=\"tp-flipbox__icon-front\"><\/div><div class=\"tp-flipbox__title-front\"><\/div><div class=\"tp-flipbox__desc-back\"><\/div><\/div><\/div><div class=\"tp-flipbox__back\" ><div class=\"tp-flipbox__content\"><div class=\"tp-flipbox__icon-back\">                <\/div><div class=\"tp-flipbox__title-back\"><\/div><div class=\"tp-flipbox__desc-back\">Familier med kr\u00e6ftramte b\u00f8rn<\/div><div class=\"tp-flipbox__action\"><a   href=\"https:\/\/fmkb.dk\/\" class=\"tp-flipbox__btn\">G\u00e5 til FMKB<\/a><\/div><\/div><\/div><\/div><\/div><!-- End Of Flipbox -->\t\t\t\t<\/div>\n\t\t\t\t<\/div>\n\t\t\t\t\t<\/div>\n\t\t<\/div>\n\t\t\t\t<div class=\"elementor-column elementor-col-33 elementor-top-column elementor-element elementor-element-cf4d5d5\" data-id=\"cf4d5d5\" data-element_type=\"column\" data-e-type=\"column\">\n\t\t\t<div class=\"elementor-widget-wrap elementor-element-populated\">\n\t\t\t\t\t\t<div class=\"elementor-element elementor-element-eb06200 elementor-widget elementor-widget-fancy-elementor-flipbox\" data-id=\"eb06200\" data-element_type=\"widget\" data-e-type=\"widget\" data-widget_type=\"fancy-elementor-flipbox.default\">\n\t\t\t\t<div class=\"elementor-widget-container\">\n\t\t\t\t\t<!-- Start Of Flipbox --><div id=\"flip-demo-0\" class=\"tp-flipbox flip-box-style tp-flipbox--vertical\"><div class=\"tp-flipbox__holder\"><div class=\"tp-flipbox__front\"><div class=\"tp-flipbox__content\"><div class=\"tp-flipbox__icon-front\"><\/div><div class=\"tp-flipbox__title-front\"><\/div><div class=\"tp-flipbox__desc-back\"><\/div><\/div><\/div><div class=\"tp-flipbox__back\" ><div class=\"tp-flipbox__content\"><div class=\"tp-flipbox__icon-back\">                <\/div><div class=\"tp-flipbox__title-back\"><\/div><div class=\"tp-flipbox__desc-back\">Danske Hospitalsklovne<\/div><div class=\"tp-flipbox__action\"><a   href=\"https:\/\/danskehospitalsklovne.dk\/\" class=\"tp-flipbox__btn\">G\u00e5 til Danske Hospitalsklovne<\/a><\/div><\/div><\/div><\/div><\/div><!-- End Of Flipbox -->\t\t\t\t<\/div>\n\t\t\t\t<\/div>\n\t\t\t\t\t<\/div>\n\t\t<\/div>\n\t\t\t\t\t<\/div>\n\t\t<\/section>\n\t\t\t\t<section class=\"elementor-section elementor-top-section elementor-element elementor-element-e715df9 elementor-section-boxed elementor-section-height-default elementor-section-height-default wpr-particle-no wpr-jarallax-no wpr-parallax-no wpr-sticky-section-no wpr-equal-height-no\" data-id=\"e715df9\" data-element_type=\"section\" data-e-type=\"section\">\n\t\t\t\t\t\t<div class=\"elementor-container elementor-column-gap-default\">\n\t\t\t\t\t<div class=\"elementor-column elementor-col-33 elementor-top-column elementor-element elementor-element-ca11bc3\" data-id=\"ca11bc3\" data-element_type=\"column\" data-e-type=\"column\">\n\t\t\t<div class=\"elementor-widget-wrap elementor-element-populated\">\n\t\t\t\t\t\t<div class=\"elementor-element elementor-element-87fefef elementor-widget elementor-widget-fancy-elementor-flipbox\" data-id=\"87fefef\" data-element_type=\"widget\" data-e-type=\"widget\" data-widget_type=\"fancy-elementor-flipbox.default\">\n\t\t\t\t<div class=\"elementor-widget-container\">\n\t\t\t\t\t<!-- Start Of Flipbox --><div id=\"flip-demo-0\" class=\"tp-flipbox flip-box-style tp-flipbox--vertical\"><div class=\"tp-flipbox__holder\"><div class=\"tp-flipbox__front\"><div class=\"tp-flipbox__content\"><div class=\"tp-flipbox__icon-front\"><\/div><div class=\"tp-flipbox__title-front\"><\/div><div class=\"tp-flipbox__desc-back\"><\/div><\/div><\/div><div class=\"tp-flipbox__back\" ><div class=\"tp-flipbox__content\"><div class=\"tp-flipbox__icon-back\">                <\/div><div class=\"tp-flipbox__title-back\"><\/div><div class=\"tp-flipbox__desc-back\">B\u00f8rne Cancer Fonden<\/div><div class=\"tp-flipbox__action\"><a   href=\"https:\/\/boernecancerfonden.dk\/\" class=\"tp-flipbox__btn\">G\u00e5 til B\u00f8rne Cancer Fonden<\/a><\/div><\/div><\/div><\/div><\/div><!-- End Of Flipbox -->\t\t\t\t<\/div>\n\t\t\t\t<\/div>\n\t\t\t\t\t<\/div>\n\t\t<\/div>\n\t\t\t\t<div class=\"elementor-column elementor-col-33 elementor-top-column elementor-element elementor-element-39ddbad\" data-id=\"39ddbad\" data-element_type=\"column\" data-e-type=\"column\">\n\t\t\t<div class=\"elementor-widget-wrap elementor-element-populated\">\n\t\t\t\t\t\t<div class=\"elementor-element elementor-element-f42b78c elementor-widget elementor-widget-fancy-elementor-flipbox\" data-id=\"f42b78c\" data-element_type=\"widget\" data-e-type=\"widget\" data-widget_type=\"fancy-elementor-flipbox.default\">\n\t\t\t\t<div class=\"elementor-widget-container\">\n\t\t\t\t\t<!-- Start Of Flipbox --><div id=\"flip-demo-0\" class=\"tp-flipbox flip-box-style tp-flipbox--vertical\"><div class=\"tp-flipbox__holder\"><div class=\"tp-flipbox__front\"><div class=\"tp-flipbox__content\"><div class=\"tp-flipbox__icon-front\"><\/div><div class=\"tp-flipbox__title-front\"><\/div><div class=\"tp-flipbox__desc-back\"><\/div><\/div><\/div><div class=\"tp-flipbox__back\" ><div class=\"tp-flipbox__content\"><div class=\"tp-flipbox__icon-back\">                <\/div><div class=\"tp-flipbox__title-back\"><\/div><div class=\"tp-flipbox__desc-back\">Caf\u00e9 Karl-E<\/div><div class=\"tp-flipbox__action\"><a   href=\"https:\/\/cafe-karl-e.dk\" class=\"tp-flipbox__btn\">G\u00e5 til Caf\u00e9 Karl-E<\/a><\/div><\/div><\/div><\/div><\/div><!-- End Of Flipbox -->\t\t\t\t<\/div>\n\t\t\t\t<\/div>\n\t\t\t\t\t<\/div>\n\t\t<\/div>\n\t\t\t\t<div class=\"elementor-column elementor-col-33 elementor-top-column elementor-element elementor-element-94061d2\" data-id=\"94061d2\" data-element_type=\"column\" data-e-type=\"column\">\n\t\t\t<div class=\"elementor-widget-wrap elementor-element-populated\">\n\t\t\t\t\t\t<div class=\"elementor-element elementor-element-1dad5b2 elementor-widget elementor-widget-fancy-elementor-flipbox\" data-id=\"1dad5b2\" data-element_type=\"widget\" data-e-type=\"widget\" data-widget_type=\"fancy-elementor-flipbox.default\">\n\t\t\t\t<div class=\"elementor-widget-container\">\n\t\t\t\t\t<!-- Start Of Flipbox --><div id=\"flip-demo-0\" class=\"tp-flipbox flip-box-style tp-flipbox--vertical\"><div class=\"tp-flipbox__holder\"><div class=\"tp-flipbox__front\"><div class=\"tp-flipbox__content\"><div class=\"tp-flipbox__icon-front\"><\/div><div class=\"tp-flipbox__title-front\"><\/div><div class=\"tp-flipbox__desc-back\"><\/div><\/div><\/div><div class=\"tp-flipbox__back\" ><div class=\"tp-flipbox__content\"><div class=\"tp-flipbox__icon-back\">                <\/div><div class=\"tp-flipbox__title-back\"><\/div><div class=\"tp-flipbox__desc-back\">TimeWinder<\/div><div class=\"tp-flipbox__action\"><a   href=\"https:\/\/timewinder.dk\" class=\"tp-flipbox__btn\">G\u00e5 til TimeWinder<\/a><\/div><\/div><\/div><\/div><\/div><!-- End Of Flipbox -->\t\t\t\t<\/div>\n\t\t\t\t<\/div>\n\t\t\t\t\t<\/div>\n\t\t<\/div>\n\t\t\t\t\t<\/div>\n\t\t<\/section>\n\t\t\t\t<section class=\"elementor-section elementor-top-section elementor-element elementor-element-3cc7376 elementor-section-boxed elementor-section-height-default elementor-section-height-default wpr-particle-no wpr-jarallax-no wpr-parallax-no wpr-sticky-section-no wpr-equal-height-no\" data-id=\"3cc7376\" data-element_type=\"section\" data-e-type=\"section\">\n\t\t\t\t\t\t<div class=\"elementor-container elementor-column-gap-default\">\n\t\t\t\t\t<div class=\"elementor-column elementor-col-33 elementor-top-column elementor-element elementor-element-6d47c5d\" data-id=\"6d47c5d\" data-element_type=\"column\" data-e-type=\"column\">\n\t\t\t<div class=\"elementor-widget-wrap elementor-element-populated\">\n\t\t\t\t\t\t<div class=\"elementor-element elementor-element-2700a64 elementor-widget elementor-widget-fancy-elementor-flipbox\" data-id=\"2700a64\" data-element_type=\"widget\" data-e-type=\"widget\" data-widget_type=\"fancy-elementor-flipbox.default\">\n\t\t\t\t<div class=\"elementor-widget-container\">\n\t\t\t\t\t<!-- Start Of Flipbox --><div id=\"flip-demo-0\" class=\"tp-flipbox flip-box-style tp-flipbox--vertical\"><div class=\"tp-flipbox__holder\"><div class=\"tp-flipbox__front\"><div class=\"tp-flipbox__content\"><div class=\"tp-flipbox__icon-front\"><\/div><div class=\"tp-flipbox__title-front\"><\/div><div class=\"tp-flipbox__desc-back\"><\/div><\/div><\/div><div class=\"tp-flipbox__back\" ><div class=\"tp-flipbox__content\"><div class=\"tp-flipbox__icon-back\">                <\/div><div class=\"tp-flipbox__title-back\"><\/div><div class=\"tp-flipbox__desc-back\">Slangerup Motocross Klub<\/div><div class=\"tp-flipbox__action\"><a   href=\"https:\/\/www.facebook.com\/groups\/127333877349523\/\" class=\"tp-flipbox__btn\">G\u00e5 til Slangerup Motocross Klub<\/a><\/div><\/div><\/div><\/div><\/div><!-- End Of Flipbox -->\t\t\t\t<\/div>\n\t\t\t\t<\/div>\n\t\t\t\t\t<\/div>\n\t\t<\/div>\n\t\t\t\t<div class=\"elementor-column elementor-col-33 elementor-top-column elementor-element elementor-element-72ade00\" data-id=\"72ade00\" data-element_type=\"column\" data-e-type=\"column\">\n\t\t\t<div class=\"elementor-widget-wrap elementor-element-populated\">\n\t\t\t\t\t\t<div class=\"elementor-element elementor-element-cbc2c7d elementor-widget elementor-widget-fancy-elementor-flipbox\" data-id=\"cbc2c7d\" data-element_type=\"widget\" data-e-type=\"widget\" data-widget_type=\"fancy-elementor-flipbox.default\">\n\t\t\t\t<div class=\"elementor-widget-container\">\n\t\t\t\t\t<!-- Start Of Flipbox --><div id=\"flip-demo-0\" class=\"tp-flipbox flip-box-style tp-flipbox--vertical\"><div class=\"tp-flipbox__holder\"><div class=\"tp-flipbox__front\"><div class=\"tp-flipbox__content\"><div class=\"tp-flipbox__icon-front\"><\/div><div class=\"tp-flipbox__title-front\"><\/div><div class=\"tp-flipbox__desc-back\"><\/div><\/div><\/div><div class=\"tp-flipbox__back\" ><div class=\"tp-flipbox__content\"><div class=\"tp-flipbox__icon-back\">                <\/div><div class=\"tp-flipbox__title-back\"><\/div><div class=\"tp-flipbox__desc-back\">Krudtv\u00e6rksfestival i Frederiksv\u00e6rk<\/div><div class=\"tp-flipbox__action\"><a   href=\"https:\/\/krudtvaerket.dk\/\" class=\"tp-flipbox__btn\">G\u00e5 til Krudtv\u00e6rket<\/a><\/div><\/div><\/div><\/div><\/div><!-- End Of Flipbox -->\t\t\t\t<\/div>\n\t\t\t\t<\/div>\n\t\t\t\t\t<\/div>\n\t\t<\/div>\n\t\t\t\t<div class=\"elementor-column elementor-col-33 elementor-top-column elementor-element elementor-element-692d221\" data-id=\"692d221\" data-element_type=\"column\" data-e-type=\"column\">\n\t\t\t<div class=\"elementor-widget-wrap elementor-element-populated\">\n\t\t\t\t\t\t<div class=\"elementor-element elementor-element-17f5c91 elementor-widget elementor-widget-fancy-elementor-flipbox\" data-id=\"17f5c91\" data-element_type=\"widget\" data-e-type=\"widget\" data-widget_type=\"fancy-elementor-flipbox.default\">\n\t\t\t\t<div class=\"elementor-widget-container\">\n\t\t\t\t\t<!-- Start Of Flipbox --><div id=\"flip-demo-0\" class=\"tp-flipbox flip-box-style tp-flipbox--vertical\"><div class=\"tp-flipbox__holder\"><div class=\"tp-flipbox__front\"><div class=\"tp-flipbox__content\"><div class=\"tp-flipbox__icon-front\"><\/div><div class=\"tp-flipbox__title-front\"><\/div><div class=\"tp-flipbox__desc-back\"><\/div><\/div><\/div><div class=\"tp-flipbox__back\" ><div class=\"tp-flipbox__content\"><div class=\"tp-flipbox__icon-back\">                <\/div><div class=\"tp-flipbox__title-back\"><\/div><div class=\"tp-flipbox__desc-back\">Mig til DIG Stafet<\/div><div class=\"tp-flipbox__action\"><a   href=\"https:\/\/www.facebook.com\/groups\/1451537131536310\/\" class=\"tp-flipbox__btn\">G\u00e5 til Mig til DIG Stafet<\/a><\/div><\/div><\/div><\/div><\/div><!-- End Of Flipbox -->\t\t\t\t<\/div>\n\t\t\t\t<\/div>\n\t\t\t\t\t<\/div>\n\t\t<\/div>\n\t\t\t\t\t<\/div>\n\t\t<\/section>\n\t\t\t\t<\/div>","protected":false},"excerpt":{"rendered":"<p>Sponsorater Hvert \u00e5r sponsorerer vi en r\u00e6kke gode form\u00e5l. Vores fokus er hovedsageligt at sponsorere lokale tiltag i Halsn\u00e6s.Derudover har vi en enkelt hjertesag, som hvert \u00e5r f\u00e5r vores opm\u00e6rksomhed \u2013&nbsp;nemlig foreninger der g\u00f8r livet lettere for syge b\u00f8rn.&nbsp; Halsn\u00e6s Karate-Do G\u00e5 til Halsn\u00e6s Karate-Do Frederiksv\u00e6rk St\u00e5lmand G\u00e5 til Frederiksv\u00e6rk St\u00e5lmand Frederiksv\u00e6rk Fodbold Klub G\u00e5 til Frederiksv\u00e6rk Fodbold Klub St\u00f8beskeen Amat\u00f8rteater Frederiksv\u00e6rk G\u00e5 til St\u00f8beskeen Familier med kr\u00e6ftramte b\u00f8rn G\u00e5 til FMKB Danske Hospitalsklovne G\u00e5 til Danske Hospitalsklovne B\u00f8rne Cancer Fonden G\u00e5 til B\u00f8rne Cancer Fonden Caf\u00e9 Karl-E G\u00e5 til Caf\u00e9 Karl-E TimeWinder G\u00e5 til TimeWinder Slangerup Motocross Klub G\u00e5 til Slangerup Motocross Klub Krudtv\u00e6rksfestival i Frederiksv\u00e6rk G\u00e5 til Krudtv\u00e6rket Mig til DIG Stafet G\u00e5 til Mig til DIG Stafet<\/p>","protected":false},"author":1,"featured_media":0,"parent":0,"menu_order":0,"comment_status":"closed","ping_status":"closed","template":"elementor_header_footer","meta":{"footnotes":""},"class_list":["post-523","page","type-page","status-publish","hentry"],"_links":{"self":[{"href":"https:\/\/denova.dk\/en\/wp-json\/wp\/v2\/pages\/523","targetHints":{"allow":["GET"]}}],"collection":[{"href":"https:\/\/denova.dk\/en\/wp-json\/wp\/v2\/pages"}],"about":[{"href":"https:\/\/denova.dk\/en\/wp-json\/wp\/v2\/types\/page"}],"author":[{"embeddable":true,"href":"https:\/\/denova.dk\/en\/wp-json\/wp\/v2\/users\/1"}],"replies":[{"embeddable":true,"href":"https:\/\/denova.dk\/en\/wp-json\/wp\/v2\/comments?post=523"}],"version-history":[{"count":91,"href":"https:\/\/denova.dk\/en\/wp-json\/wp\/v2\/pages\/523\/revisions"}],"predecessor-version":[{"id":1567,"href":"https:\/\/denova.dk\/en\/wp-json\/wp\/v2\/pages\/523\/revisions\/1567"}],"wp:attachment":[{"href":"https:\/\/denova.dk\/en\/wp-json\/wp\/v2\/media?parent=523"}],"curies":[{"name":"wp","href":"https:\/\/api.w.org\/{rel}","templated":true}]}}